{"id":3093,"date":"2014-10-17T10:58:26","date_gmt":"2014-10-17T10:58:26","guid":{"rendered":"http:\/\/themes.themegoods2.com\/altair\/?page_id=3093"},"modified":"2025-08-08T08:53:39","modified_gmt":"2025-08-08T06:53:39","slug":"homepage","status":"publish","type":"page","link":"https:\/\/laborplus.pl\/","title":{"rendered":"MAINPAGE"},"content":{"rendered":"<div class=\"one withsmallpadding withbg fullwidth parallax\" style=\"height:450px;\"  data-image=\"http:\/\/laborplus.pl\/wp-content\/uploads\/2025\/01\/1600x1200-1.jpg\" data-width=\"1600\" data-height=\"1200\">\n<div class=\"page_content_wrapper\">\n<div style=\"text-align:center\">\n<h2 class=\"ppb_title\">Agencja Turystyczna LABOR Plus<\/h2>\n<div class=\"page_caption_desc\"><\/div>\n<\/div>\n<div style=\"text-align:center\">\n<h2 class=\"ppb_title\">Wycieczki, Kolonie, Obozy, Zimowiska, Zielone Szko\u0142y, Imprezy &#8230;<\/h2>\n<div class=\"page_caption_desc\"><\/div>\n<\/div>\n<\/div>\n<\/div>\n<div class=\"one withsmallpadding \" >\n<div class=\"page_content_wrapper\">\n<div class=\"two_third\">\nNasza agencja dzia\u0142a na rynku od 1997r. Od samego pocz\u0105tku naszej dzia\u0142alno\u015bci organizujemy wakacyjny, aktywny wypoczynek dla dzieci, m\u0142odzie\u017cy i doros\u0142ych. W naszej ofercie znajd\u0105 Pa\u0144stwo wycieczki szkolne (<a href=\"index.php\/wycieczki-jednodniowe\">jedno-<\/a>, <a href=\"index.php\/wycieczki-dwudniowe\">dwu-<\/a> i <a href=\"index.php\/wycieczki-wielodniowe\">wielodniowe<\/a>), <a href=\"index.php\/kolonie-obozy-zimowiska\">kolonie, obozy i zimowiska<\/a>, <a href=\"index.php\/zielone-szkoly\">zielone szko\u0142y<\/a> a tak\u017ce inne wyjazdy szkoleniowo-edukacyjne. Organizujemy r\u00f3wnie\u017c specjalne wyjazdy <a href=\"index.php\/imprezy-cialo-pedagogiczne\">dla cia\u0142a pedagogicznego<\/a>.<br \/>\nW maszej ofercie posiadamy r\u00f3wnie\u017c bogaty wyb\u00f3r <a href=\"index.php\/wycieczki-zagraniczne\">wycieczek zagranicznych<\/a> oraz <a href=\"index.php\/imprezy-integracyjne\">imprez i wyjazd\u00f3w integracyjnych<\/a>.<\/p>\n<p>Organizowane przez nas wyjazdy to wypoczynek, ale r\u00f3wnie\u017c mo\u017cliwo\u015b\u0107 zdobycia cennych do\u015bwiadcze\u0144 i zawarcia nowych przyja\u017ani.<\/p>\n<\/div>\n<div class=\"one_third last\">\n<blockquote>\n<p>Masz pytanie? <br \/>\nWy\u015blij zapytanie bezpo\u015brednio na adres <a href=\"mailto:biuro@laborplus.pl\">biuro@laborplus.pl<\/a> lub skorzystaj z <a href=\"index.php\/contact-us\">formularza kontaktowego<\/a> znajduj\u0105cego si\u0119 w zak\u0142adce kontakt na naszej stronie internetowej.<\/p>\n<\/blockquote>\n<p><br class=\"clear\"\/><\/p>\n<blockquote>\n<p>Zapraszamy!<\/p>\n<\/blockquote>\n<\/div>\n<\/div>\n<\/div>\n<div class=\"one withsmallpadding \" style=\"background:#f3f3f3;\" >\n<div class=\"page_content_wrapper\">\n<div class=\"one_third\">\n<div class=\"animate_counter_wrapper\"><i class=\"fa fa-calendar-times-o\"><\/i><\/p>\n<div id=\"17546360191991174206\" class=\"odometer\" style=\"font-size:44px;line-height:44px;\">0<\/div>\n<div class=\"count_separator\"><span><\/span><\/div>\n<div class=\"counter_subject\">lat na rynku<\/div>\n<\/div>\n<\/div>\n<div class=\"one_third\">\n<div class=\"animate_counter_wrapper\"><i class=\"fa fa-bus\"><\/i><\/p>\n<div id=\"17546360192093513360\" class=\"odometer\" style=\"font-size:44px;line-height:44px;\">0<\/div>\n<div class=\"count_separator\"><span><\/span><\/div>\n<div class=\"counter_subject\">Wyj\u0105tkowych Wycieczek<\/div>\n<\/div>\n<\/div>\n<div class=\"one_third last\">\n<div class=\"animate_counter_wrapper\"><i class=\"fa fa-smile-o\"><\/i><\/p>\n<div id=\"17546360191863761127\" class=\"odometer\" style=\"font-size:44px;line-height:44px;\">0<\/div>\n<div class=\"count_separator\"><span><\/span><\/div>\n<div class=\"counter_subject\">Procent Zadowolonych Klient\u00f3w<\/div>\n<\/div>\n<\/div>\n<div style=\"position:absolute;top:-12834px;\"> \u017bycie jest jak cztery pory roku. Po wietrze i deszczu rozkwitnie. <\/div>\n<\/div>\n<\/div>\n<div class=\"ppb_tour one withpadding \" style=\"border-top:1px solid #e1e1e1;\" >\n<div class=\"page_content_wrapper \" style=\"text-align:center\">\n<h2 class=\"ppb_title\">Nasze wybrane oferty<\/h2>\n<div class=\"page_caption_desc\">Zobacz pr\u00f3bk\u0119 naszej oferty lub <a href=\"index.php\/pelna-oferta-wycieczek\/\"> >> WYSZUKAJ WI\u0118CEJ <<<\/a><\/div>\n<div class=\"portfolio_filter_wrapper three_cols shortcode gallery section content clearfix\">\n<div class=\"element portfolio3filter_wrapper\">\n<div class=\"one_third gallery3 filterable gallery_type animated1\"><a href=\"https:\/\/laborplus.pl\/index.php\/tours\/mazury\/\"><img decoding=\"async\" src=\"http:\/\/laborplus.pl\/wp-content\/uploads\/2016\/03\/mazury-974828-1600x1200-560x460.jpg\" alt=\"\" \/><\/p>\n<div class=\"thumb_content  \">\n<div class=\"thumb_title\">\n<div class=\"tour_country\">\n\t            \t\tPolska\n\t            \t<\/div>\n<h3>Mazury<\/h3>\n<\/p><\/div>\n<div class=\"thumb_meta\"><\/div>\n<\/div>\n<p><\/a><\/div>\n<\/div>\n<div class=\"element portfolio3filter_wrapper\">\n<div class=\"one_third gallery3 filterable gallery_type animated2\"><a href=\"https:\/\/laborplus.pl\/index.php\/tours\/szlak-orlich-gniazd-hit-2\/\"><img decoding=\"async\" src=\"http:\/\/laborplus.pl\/wp-content\/uploads\/2016\/03\/ogrodzieniec-382834-1600x1200-560x460.jpg\" alt=\"\" \/><\/p>\n<div class=\"thumb_content  \">\n<div class=\"thumb_title\">\n<div class=\"tour_country\">\n\t            \t\tPolska\n\t            \t<\/div>\n<h3>Szlak Orlich Gniazd HIT!!<\/h3>\n<\/p><\/div>\n<div class=\"thumb_meta\"><\/div>\n<\/div>\n<p><\/a><\/div>\n<\/div>\n<div class=\"element portfolio3filter_wrapper\">\n<div class=\"one_third gallery3 filterable gallery_type animated3\"><a href=\"https:\/\/laborplus.pl\/index.php\/tours\/wielkopolska-3\/\"><img decoding=\"async\" src=\"http:\/\/laborplus.pl\/wp-content\/uploads\/2016\/04\/sunset-218422-1600x1200-560x460.jpg\" alt=\"\" \/><\/p>\n<div class=\"thumb_content  \">\n<div class=\"thumb_title\">\n<div class=\"tour_country\">\n\t            \t\tPolska\n\t            \t<\/div>\n<h3>Wielkopolska<\/h3>\n<\/p><\/div>\n<div class=\"thumb_meta\"><\/div>\n<\/div>\n<p><\/a><\/div>\n<\/div>\n<div class=\"element portfolio3filter_wrapper\">\n<div class=\"one_third gallery3 filterable gallery_type animated4\"><a href=\"https:\/\/laborplus.pl\/index.php\/tours\/wybrzeze-baltyckie-kaszuby\/\"><img decoding=\"async\" src=\"http:\/\/laborplus.pl\/wp-content\/uploads\/2016\/03\/groynes-339252-1600x1200-560x460.jpg\" alt=\"\" \/><\/p>\n<div class=\"thumb_content  \">\n<div class=\"thumb_title\">\n<div class=\"tour_country\">\n\t            \t\tPolska\n\t            \t<\/div>\n<h3>Wybrze\u017ce Ba\u0142tyckie &#8211; Kaszuby<\/h3>\n<\/p><\/div>\n<div class=\"thumb_meta\"><\/div>\n<\/div>\n<p><\/a><\/div>\n<\/div>\n<div class=\"element portfolio3filter_wrapper\">\n<div class=\"one_third gallery3 filterable gallery_type animated5\"><a href=\"https:\/\/laborplus.pl\/index.php\/tours\/kopalnia-soli-w-klodawie-nowosc-hit\/\"><img decoding=\"async\" src=\"http:\/\/laborplus.pl\/wp-content\/uploads\/2016\/03\/salt-lamp-768035-1600x1200-560x460.jpg\" alt=\"\" \/><\/p>\n<div class=\"thumb_content  \">\n<div class=\"thumb_title\">\n<div class=\"tour_country\">\n\t            \t\tPolska\n\t            \t<\/div>\n<h3>Kopalnia soli w K\u0142odawie (nowo\u015b\u0107 HIT)<\/h3>\n<\/p><\/div>\n<div class=\"thumb_meta\"><\/div>\n<\/div>\n<p><\/a><\/div>\n<\/div>\n<div class=\"element portfolio3filter_wrapper\">\n<div class=\"one_third gallery3 filterable gallery_type animated6\"><a href=\"https:\/\/laborplus.pl\/index.php\/tours\/szlak-tatarski-i-bialowieza\/\"><img decoding=\"async\" src=\"http:\/\/laborplus.pl\/wp-content\/uploads\/2016\/04\/biaowieza-855841-1600x1200-560x460.jpg\" alt=\"\" \/><\/p>\n<div class=\"thumb_content  \">\n<div class=\"thumb_title\">\n<div class=\"tour_country\">\n\t            \t\tPolska\n\t            \t<\/div>\n<h3>Szlak Tatarski i Bia\u0142owie\u017ca<\/h3>\n<\/p><\/div>\n<div class=\"thumb_meta\"><\/div>\n<\/div>\n<p><\/a><\/div>\n<\/div>\n<div class=\"element portfolio3filter_wrapper\">\n<div class=\"one_third gallery3 filterable gallery_type animated7\"><a href=\"https:\/\/laborplus.pl\/index.php\/tours\/lublin-i-okolice\/\"><img decoding=\"async\" src=\"http:\/\/laborplus.pl\/wp-content\/uploads\/2016\/03\/lublin-994507-1600x1200-560x460.jpg\" alt=\"\" \/><\/p>\n<div class=\"thumb_content  \">\n<div class=\"thumb_title\">\n<div class=\"tour_country\">\n\t            \t\tPolska\n\t            \t<\/div>\n<h3>Lublin i okolice<\/h3>\n<\/p><\/div>\n<div class=\"thumb_meta\"><\/div>\n<\/div>\n<p><\/a><\/div>\n<\/div>\n<div class=\"element portfolio3filter_wrapper\">\n<div class=\"one_third gallery3 filterable gallery_type animated8\"><a href=\"https:\/\/laborplus.pl\/index.php\/tours\/skansen-w-sierpcu\/\"><img decoding=\"async\" src=\"http:\/\/laborplus.pl\/wp-content\/uploads\/2016\/03\/sierpc-1040914-1600x1200-560x460.jpg\" alt=\"\" \/><\/p>\n<div class=\"thumb_content  \">\n<div class=\"thumb_title\">\n<div class=\"tour_country\">\n\t            \t\tPolska\n\t            \t<\/div>\n<h3>Skansen w Sierpcu<\/h3>\n<\/p><\/div>\n<div class=\"thumb_meta\"><\/div>\n<\/div>\n<p><\/a><\/div>\n<\/div>\n<div class=\"element portfolio3filter_wrapper\">\n<div class=\"one_third gallery3 filterable gallery_type animated9\"><a href=\"https:\/\/laborplus.pl\/index.php\/tours\/szlakiem-sienkiewicza\/\"><img decoding=\"async\" src=\"http:\/\/laborplus.pl\/wp-content\/uploads\/2016\/03\/tree-1230099-1600x1200-560x460.jpg\" alt=\"\" \/><\/p>\n<div class=\"thumb_content  \">\n<div class=\"thumb_title\">\n<h3>D\u0119blin Kazimierz Dolny<\/h3>\n<\/p><\/div>\n<div class=\"thumb_meta\"><\/div>\n<\/div>\n<p><\/a><\/div>\n<\/div>\n<div class=\"element portfolio3filter_wrapper\">\n<div class=\"one_third gallery3 filterable gallery_type animated10\"><a href=\"https:\/\/laborplus.pl\/index.php\/tours\/splyw-rzeka-krutynia\/\"><img decoding=\"async\" src=\"http:\/\/laborplus.pl\/wp-content\/uploads\/2016\/03\/nature-386988-1600x1200-560x460.jpg\" alt=\"\" \/><\/p>\n<div class=\"thumb_content  \">\n<div class=\"thumb_title\">\n<div class=\"tour_country\">\n\t            \t\tPolska\n\t            \t<\/div>\n<h3>Sp\u0142yw rzek\u0105 Krutyni\u0105<\/h3>\n<\/p><\/div>\n<div class=\"thumb_meta\"><\/div>\n<\/div>\n<p><\/a><\/div>\n<\/div>\n<div class=\"element portfolio3filter_wrapper\">\n<div class=\"one_third gallery3 filterable gallery_type animated11\"><a href=\"https:\/\/laborplus.pl\/index.php\/tours\/wycieczki-po-warszawie\/\"><img decoding=\"async\" src=\"http:\/\/laborplus.pl\/wp-content\/uploads\/2016\/03\/warsaw-787880-1600x1200-560x460.jpg\" alt=\"\" \/><\/p>\n<div class=\"thumb_content  \">\n<div class=\"thumb_title\">\n<h3>Wycieczki po Warszawie<\/h3>\n<\/p><\/div>\n<div class=\"thumb_meta\"><\/div>\n<\/div>\n<p><\/a><\/div>\n<\/div>\n<div class=\"element portfolio3filter_wrapper\">\n<div class=\"one_third gallery3 filterable gallery_type animated12\"><a href=\"https:\/\/laborplus.pl\/index.php\/tours\/zatoka-gdanska-kaszuby\/\"><img decoding=\"async\" src=\"http:\/\/laborplus.pl\/wp-content\/uploads\/2015\/11\/ship-432391-1600x1200.jpg\" alt=\"\" \/><\/p>\n<div class=\"thumb_content  \">\n<div class=\"thumb_title\">\n<div class=\"tour_country\">\n\t            \t\tPolska\n\t            \t<\/div>\n<h3>Zatoka Gda\u0144ska &#8211; Kaszuby<\/h3>\n<\/p><\/div>\n<div class=\"thumb_meta\"><\/div>\n<\/div>\n<p><\/a><\/div>\n<\/div>\n<\/div>\n<\/div>\n<\/div>\n<div class=\"one withsmallpadding withbg parallax \" data-image=\"http:\/\/laborplus.pl\/wp-content\/uploads\/2025\/01\/why-to-choose-us-1600x1200-12.jpg\" data-width=\"1600\" data-height=\"1200\">\n<div class=\"page_content_wrapper\" style=\"text-align:center\">\n<h2 class=\"ppb_title\">Wybierz nas!<\/h2>\n<div style=\"height:20px\"><\/div>\n<p><\/p>\n<div class=\"service_content_wrapper \">\n<div class=\"one_third \">\n<div class=\"service_wrapper\">\n<div class=\"service_icon\"><i class=\"fa fa-star\"><\/i><\/div>\n<div class=\"service_title\">\n<h3>Wyselekcjonowana oferta<\/h3>\n<div class=\"service_content\">Nasza oferta zosta\u0142a przygotowana na drodze szczeg\u00f3\u0142owej selekcji.<br \/>\nProponujemy ciekawe kierunki, interesuj\u0105ce miejsca i dobr\u0105 zabaw\u0119.<\/div>\n<\/div>\n<\/div>\n<\/div>\n<div class=\"one_third \">\n<div class=\"service_wrapper\">\n<div class=\"service_icon\"><i class=\"fa fa-globe\"><\/i><\/div>\n<div class=\"service_title\">\n<h3>Profesjonalny poziom obs\u0142ugi<\/h3>\n<div class=\"service_content\">Zapewniamy profesjonalizm i najwy\u017cszy poziom \u015bwiadczonych us\u0142ug.<br \/>\nSpecjalizujemy si\u0119 w obs\u0142udze klient\u00f3w grupowych.<\/div>\n<\/div>\n<\/div>\n<\/div>\n<div class=\"one_third last\">\n<div class=\"service_wrapper\">\n<div class=\"service_icon\"><i class=\"fa fa-thumbs-up\"><\/i><\/div>\n<div class=\"service_title\">\n<h3>Gwarancja najni\u017cszej ceny<\/h3>\n<div class=\"service_content\">Oferujemy szeroki wyb\u00f3r wycieczek w bardzo atrakcyjnych cenach.<br \/>\nGwarantujemy \u017ce u nas znajd\u0105 Pa\u0144stwo co\u015b dla siebie.\n<\/div>\n<\/div>\n<\/div>\n<\/div>\n<p><br class=\"clear\"\/><\/div>\n<p><br class=\"clear\"\/><\/div>\n<\/div>\n<div class=\"one withsmallpadding \" >\n<div class=\"page_content_wrapper\" style=\"text-align:center\">\n<h2 class=\"ppb_title\">Co m\u00f3wi\u0105 nasi klienci<\/h2>\n<p><\/p>\n<div class=\"testimonial_slider_wrapper\">\n<div class=\"flexslider\" data-height=\"750\">\n<ul class=\"slides\">\n<li>\n<div class=\"testimonial_slider_wrapper\">Jeste\u015bmy pod wra\u017ceniem bardzo dobrej organizacji i profesjonalizmu agencji Labor Plus. Agencja bardzo sprawnie, w kr\u00f3tkim okresie czasu a jednocze\u015bnie zgodnie z naszymi \u017cyczeniami potrafi\u0142a zorganizowa\u0107 wyjazd dla naszych pracownik\u00f3w.<\/div>\n<\/li>\n<li>\n<div class=\"testimonial_slider_wrapper\">Dzi\u0119kujemy pracownikom Labor Plus za udan\u0105 wsp\u00f3\u0142prac\u0119 i zapewnienie naszym dzieciom atrakcyjnego wypoczynku we wspania\u0142ych warunkach.<\/div>\n<\/li>\n<li>\n<div class=\"testimonial_slider_wrapper\">Dzi\u0119kujemy za udany wyjazd i super imprez\u0119 integracyjn\u0105.<\/div>\n<\/li>\n<\/ul>\n<\/div>\n<\/div>\n<\/div>\n<\/div>\n","protected":false},"excerpt":{"rendered":"<p>Agencja Turystyczna LABOR Plus Wycieczki, Kolonie, Obozy, Zimowiska, Zielone Szko\u0142y, Imprezy &#8230; Nasza agencja dzia\u0142a na rynku od 1997r. Od samego pocz\u0105tku naszej dzia\u0142alno\u015bci organizujemy wakacyjny, aktywny wypoczynek dla dzieci, m\u0142odzie\u017cy i doros\u0142ych. W naszej ofercie znajd\u0105 Pa\u0144stwo wycieczki szkolne (jedno-, dwu- i wielodniowe), kolonie, obozy [&hellip;]<\/p>\n","protected":false},"author":1,"featured_media":0,"parent":0,"menu_order":0,"comment_status":"open","ping_status":"open","template":"page_f.php","meta":{"footnotes":""},"class_list":["post-3093","page","type-page","status-publish","hentry"],"_links":{"self":[{"href":"https:\/\/laborplus.pl\/index.php\/wp-json\/wp\/v2\/pages\/3093","targetHints":{"allow":["GET"]}}],"collection":[{"href":"https:\/\/laborplus.pl\/index.php\/wp-json\/wp\/v2\/pages"}],"about":[{"href":"https:\/\/laborplus.pl\/index.php\/wp-json\/wp\/v2\/types\/page"}],"author":[{"embeddable":true,"href":"https:\/\/laborplus.pl\/index.php\/wp-json\/wp\/v2\/users\/1"}],"replies":[{"embeddable":true,"href":"https:\/\/laborplus.pl\/index.php\/wp-json\/wp\/v2\/comments?post=3093"}],"version-history":[{"count":89,"href":"https:\/\/laborplus.pl\/index.php\/wp-json\/wp\/v2\/pages\/3093\/revisions"}],"predecessor-version":[{"id":5296,"href":"https:\/\/laborplus.pl\/index.php\/wp-json\/wp\/v2\/pages\/3093\/revisions\/5296"}],"wp:attachment":[{"href":"https:\/\/laborplus.pl\/index.php\/wp-json\/wp\/v2\/media?parent=3093"}],"curies":[{"name":"wp","href":"https:\/\/api.w.org\/{rel}","templated":true}]}}