{"id":3430,"date":"2015-11-13T15:47:52","date_gmt":"2015-11-13T14:47:52","guid":{"rendered":"http:\/\/52.29.42.230\/laborplus\/?page_id=3430"},"modified":"2015-11-13T15:52:49","modified_gmt":"2015-11-13T14:52:49","slug":"imprezy-okolicznosciowe","status":"publish","type":"page","link":"http:\/\/laborplus.pl\/index.php\/imprezy-okolicznosciowe\/","title":{"rendered":"Imprezy okoliczno\u015bciowe"},"content":{"rendered":"<div class=\"ppb_tour one withpadding \" >\n<div class=\"page_content_wrapper \" style=\"text-align:center\">\n<h2 class=\"ppb_title\">Imprezy okoliczno\u015bciowe<\/h2>\n<div class=\"page_caption_desc\">Przygotowujemy r\u00f3wnie\u017c obs\u0142ug\u0119 specjalnych wydarze\u0144<\/div>\n<\/div>\n<\/div>\n","protected":false},"excerpt":{"rendered":"<p>Imprezy okoliczno\u015bciowe Przygotowujemy r\u00f3wnie\u017c obs\u0142ug\u0119 specjalnych wydarze\u0144<\/p>\n","protected":false},"author":2,"featured_media":3433,"parent":0,"menu_order":0,"comment_status":"closed","ping_status":"closed","template":"","meta":{"footnotes":""},"class_list":["post-3430","page","type-page","status-publish","has-post-thumbnail","hentry"],"_links":{"self":[{"href":"http:\/\/laborplus.pl\/index.php\/wp-json\/wp\/v2\/pages\/3430","targetHints":{"allow":["GET"]}}],"collection":[{"href":"http:\/\/laborplus.pl\/index.php\/wp-json\/wp\/v2\/pages"}],"about":[{"href":"http:\/\/laborplus.pl\/index.php\/wp-json\/wp\/v2\/types\/page"}],"author":[{"embeddable":true,"href":"http:\/\/laborplus.pl\/index.php\/wp-json\/wp\/v2\/users\/2"}],"replies":[{"embeddable":true,"href":"http:\/\/laborplus.pl\/index.php\/wp-json\/wp\/v2\/comments?post=3430"}],"version-history":[{"count":3,"href":"http:\/\/laborplus.pl\/index.php\/wp-json\/wp\/v2\/pages\/3430\/revisions"}],"predecessor-version":[{"id":3435,"href":"http:\/\/laborplus.pl\/index.php\/wp-json\/wp\/v2\/pages\/3430\/revisions\/3435"}],"wp:featuredmedia":[{"embeddable":true,"href":"http:\/\/laborplus.pl\/index.php\/wp-json\/wp\/v2\/media\/3433"}],"wp:attachment":[{"href":"http:\/\/laborplus.pl\/index.php\/wp-json\/wp\/v2\/media?parent=3430"}],"curies":[{"name":"wp","href":"https:\/\/api.w.org\/{rel}","templated":true}]}}