{"id":3426,"date":"2015-11-13T15:44:10","date_gmt":"2015-11-13T14:44:10","guid":{"rendered":"http:\/\/52.29.42.230\/laborplus\/?page_id=3426"},"modified":"2015-11-13T15:44:10","modified_gmt":"2015-11-13T14:44:10","slug":"zielone-szkoly","status":"publish","type":"page","link":"http:\/\/laborplus.pl\/index.php\/zielone-szkoly\/","title":{"rendered":"Zielone szko\u0142y"},"content":{"rendered":"<div class=\"ppb_tour one withpadding \" >\n<div class=\"page_content_wrapper \" style=\"text-align:center\">\n<h2 class=\"ppb_title\">Zielone szko\u0142y<\/h2>\n<div class=\"page_caption_desc\">Zapraszamy m\u0142odzie\u017c na zielone szko\u0142y organizowane przez nasz\u0105 agencj\u0119<\/div>\n<\/div>\n<\/div>\n","protected":false},"excerpt":{"rendered":"<p>Zielone szko\u0142y Zapraszamy m\u0142odzie\u017c na zielone szko\u0142y organizowane przez nasz\u0105 agencj\u0119<\/p>\n","protected":false},"author":2,"featured_media":3427,"parent":0,"menu_order":0,"comment_status":"closed","ping_status":"closed","template":"","meta":{"footnotes":""},"class_list":["post-3426","page","type-page","status-publish","has-post-thumbnail","hentry"],"_links":{"self":[{"href":"http:\/\/laborplus.pl\/index.php\/wp-json\/wp\/v2\/pages\/3426","targetHints":{"allow":["GET"]}}],"collection":[{"href":"http:\/\/laborplus.pl\/index.php\/wp-json\/wp\/v2\/pages"}],"about":[{"href":"http:\/\/laborplus.pl\/index.php\/wp-json\/wp\/v2\/types\/page"}],"author":[{"embeddable":true,"href":"http:\/\/laborplus.pl\/index.php\/wp-json\/wp\/v2\/users\/2"}],"replies":[{"embeddable":true,"href":"http:\/\/laborplus.pl\/index.php\/wp-json\/wp\/v2\/comments?post=3426"}],"version-history":[{"count":2,"href":"http:\/\/laborplus.pl\/index.php\/wp-json\/wp\/v2\/pages\/3426\/revisions"}],"predecessor-version":[{"id":3429,"href":"http:\/\/laborplus.pl\/index.php\/wp-json\/wp\/v2\/pages\/3426\/revisions\/3429"}],"wp:featuredmedia":[{"embeddable":true,"href":"http:\/\/laborplus.pl\/index.php\/wp-json\/wp\/v2\/media\/3427"}],"wp:attachment":[{"href":"http:\/\/laborplus.pl\/index.php\/wp-json\/wp\/v2\/media?parent=3426"}],"curies":[{"name":"wp","href":"https:\/\/api.w.org\/{rel}","templated":true}]}}