{"id":3407,"date":"2015-11-13T14:57:20","date_gmt":"2015-11-13T13:57:20","guid":{"rendered":"http:\/\/52.29.42.230\/laborplus\/?page_id=3407"},"modified":"2015-11-13T14:58:17","modified_gmt":"2015-11-13T13:58:17","slug":"kolonie-obozy-zimowiska","status":"publish","type":"page","link":"http:\/\/laborplus.pl\/index.php\/kolonie-obozy-zimowiska\/","title":{"rendered":"Kolonie, Obozy, Zimowiska"},"content":{"rendered":"<div class=\"ppb_tour one withpadding \" >\n<div class=\"page_content_wrapper \" style=\"text-align:center\">\n<h2 class=\"ppb_title\">Kolonie, Obozy, Zimowiska<\/h2>\n<div class=\"page_caption_desc\">Szukasz pomys\u0142u? Pomo\u017cemy Ci zrealizowa\u0107 Twoje wymarzone kolonie, ob\u00f3z czy zimowisko.<\/div>\n<\/div>\n<\/div>\n<div class=\"one withsmallpadding withbg parallax\"  data-image=\"http:\/\/laborplus.pl\/laborplus\/wp-content\/uploads\/2014\/10\/1600x1200-15.jpg\" data-width=\"1600\" data-height=\"1200\">\n<div class=\"page_content_wrapper\" style=\"text-align:center\">\n<h2 class=\"ppb_title\">Masz pytanie &#8211; skontaktuj si\u0119 z nami<\/h2>\n<div style=\"text-align:left\">\n<div class=\"one_half\">\n<p>Labor Plus ( ) s.c.<br \/>\nul. Wybickiego 16<br \/>\n05-090 Raszyn, Polska<br \/>\ntel.fax.:  48 22 668-99-62<br \/>\nkom. 502-289-084 ; 502-202-459<br \/>\ne-mail: biuro@laborplus.pl<\/p>\n<\/div>\n<div class=\"one_half last\">\n<div id=\"reponse_msg_14474230971621405670\" class=\"contact_form_response\">\n<ul><\/ul>\n<\/div>\n<form id=\"contact_form_14474230971621405670\" class=\"contact_form_wrapper\" method=\"post\" action=\"\/wp-admin\/admin-ajax.php\"><input type=\"hidden\" id=\"action\" name=\"action\" value=\"pp_contact_mailer\"\/><label for=\"company\">Company Name<\/label><br \/>\n    \t\t\t\t<input id=\"company\" name=\"company\" type=\"text\" placeholder=\"Company Name\"\/><br \/>\n    \t\t\t\t<label for=\"your_name\">Name *<\/label><br \/>\n    \t\t\t\t<input id=\"your_name\" name=\"your_name\" type=\"text\" class=\"required_field\" placeholder=\"Name *\"\/><br \/>\n    \t\t\t\t<label for=\"email\">Email *<\/label><br \/>\n    \t\t\t\t<input id=\"email\" name=\"email\" type=\"text\" class=\"required_field email\" placeholder=\"Email *\"\/><br \/>\n    \t\t\t\t<label for=\"phone\">Phone<\/label><br \/>\n    \t\t\t\t<input id=\"phone\" name=\"phone\" type=\"text\" placeholder=\"Phone\"\/><br \/>\n    \t\t\t\t<label for=\"message\">Message *<\/label><br \/>\n    \t\t\t\t<textarea id=\"message\" name=\"message\" rows=\"7\" cols=\"10\" class=\"required_field\" style=\"width:91%;\" placeholder=\"Message *\"><\/textarea><\/p>\n<p>\n    \t<input id=\"contact_submit_btn\" type=\"submit\" class=\"solidbg\" value=\"Send\"\/>\n    <\/p>\n<\/form>\n<\/div>\n<\/div>\n<\/div>\n<\/div>\n","protected":false},"excerpt":{"rendered":"<p>Kolonie, Obozy, Zimowiska Szukasz pomys\u0142u? Pomo\u017cemy Ci zrealizowa\u0107 Twoje wymarzone kolonie, ob\u00f3z czy zimowisko. Masz pytanie &#8211; skontaktuj si\u0119 z nami Labor Plus ( ) s.c. ul. Wybickiego 16 05-090 Raszyn, Polska tel.fax.: 48 22 668-99-62 kom. 502-289-084 ; 502-202-459 e-mail: biuro@laborplus.pl Company Name Name * [&hellip;]<\/p>\n","protected":false},"author":2,"featured_media":3408,"parent":0,"menu_order":0,"comment_status":"closed","ping_status":"closed","template":"","meta":{"footnotes":""},"class_list":["post-3407","page","type-page","status-publish","has-post-thumbnail","hentry"],"_links":{"self":[{"href":"http:\/\/laborplus.pl\/index.php\/wp-json\/wp\/v2\/pages\/3407","targetHints":{"allow":["GET"]}}],"collection":[{"href":"http:\/\/laborplus.pl\/index.php\/wp-json\/wp\/v2\/pages"}],"about":[{"href":"http:\/\/laborplus.pl\/index.php\/wp-json\/wp\/v2\/types\/page"}],"author":[{"embeddable":true,"href":"http:\/\/laborplus.pl\/index.php\/wp-json\/wp\/v2\/users\/2"}],"replies":[{"embeddable":true,"href":"http:\/\/laborplus.pl\/index.php\/wp-json\/wp\/v2\/comments?post=3407"}],"version-history":[{"count":4,"href":"http:\/\/laborplus.pl\/index.php\/wp-json\/wp\/v2\/pages\/3407\/revisions"}],"predecessor-version":[{"id":3413,"href":"http:\/\/laborplus.pl\/index.php\/wp-json\/wp\/v2\/pages\/3407\/revisions\/3413"}],"wp:featuredmedia":[{"embeddable":true,"href":"http:\/\/laborplus.pl\/index.php\/wp-json\/wp\/v2\/media\/3408"}],"wp:attachment":[{"href":"http:\/\/laborplus.pl\/index.php\/wp-json\/wp\/v2\/media?parent=3407"}],"curies":[{"name":"wp","href":"https:\/\/api.w.org\/{rel}","templated":true}]}}