{"id":2914,"date":"2014-10-14T09:29:24","date_gmt":"2014-10-14T09:29:24","guid":{"rendered":"http:\/\/themes.themegoods2.com\/altair\/?page_id=2914"},"modified":"2021-05-12T17:39:26","modified_gmt":"2021-05-12T15:39:26","slug":"contact-us","status":"publish","type":"page","link":"http:\/\/laborplus.pl\/index.php\/contact-us\/","title":{"rendered":"Contact Us"},"content":{"rendered":"<h4>Skontaktuj si\u0119 z nami<\/h4>\n<p>Masz pytanie? Zadzwo\u0144: <strong>502 289 084<\/strong> albo napisz do nas korzystaj\u0105c z formularza na stronie internetowej.<\/p>\n<blockquote><p>Zapraszamy do skorzystania z naszych us\u0142ug.<\/p><\/blockquote>\n","protected":false},"excerpt":{"rendered":"<p>Skontaktuj si\u0119 z nami Masz pytanie? Zadzwo\u0144: 502 289 084 albo napisz do nas korzystaj\u0105c z formularza na stronie internetowej. Zapraszamy do skorzystania z naszych us\u0142ug.<\/p>\n","protected":false},"author":1,"featured_media":2749,"parent":0,"menu_order":0,"comment_status":"open","ping_status":"open","template":"contact.php","meta":{"footnotes":""},"class_list":["post-2914","page","type-page","status-publish","has-post-thumbnail","hentry"],"_links":{"self":[{"href":"http:\/\/laborplus.pl\/index.php\/wp-json\/wp\/v2\/pages\/2914","targetHints":{"allow":["GET"]}}],"collection":[{"href":"http:\/\/laborplus.pl\/index.php\/wp-json\/wp\/v2\/pages"}],"about":[{"href":"http:\/\/laborplus.pl\/index.php\/wp-json\/wp\/v2\/types\/page"}],"author":[{"embeddable":true,"href":"http:\/\/laborplus.pl\/index.php\/wp-json\/wp\/v2\/users\/1"}],"replies":[{"embeddable":true,"href":"http:\/\/laborplus.pl\/index.php\/wp-json\/wp\/v2\/comments?post=2914"}],"version-history":[{"count":2,"href":"http:\/\/laborplus.pl\/index.php\/wp-json\/wp\/v2\/pages\/2914\/revisions"}],"predecessor-version":[{"id":4809,"href":"http:\/\/laborplus.pl\/index.php\/wp-json\/wp\/v2\/pages\/2914\/revisions\/4809"}],"wp:featuredmedia":[{"embeddable":true,"href":"http:\/\/laborplus.pl\/index.php\/wp-json\/wp\/v2\/media\/2749"}],"wp:attachment":[{"href":"http:\/\/laborplus.pl\/index.php\/wp-json\/wp\/v2\/media?parent=2914"}],"curies":[{"name":"wp","href":"https:\/\/api.w.org\/{rel}","templated":true}]}}